{"id":2033,"date":"2024-04-02T08:32:34","date_gmt":"2024-04-02T06:32:34","guid":{"rendered":"https:\/\/skyworld-web.com\/www\/?page_id=2033"},"modified":"2025-04-14T08:10:40","modified_gmt":"2025-04-14T06:10:40","slug":"impressum","status":"publish","type":"page","link":"https:\/\/skyworld-web.com\/www\/impressum\/","title":{"rendered":"Impressum"},"content":{"rendered":"\t\t<div data-elementor-type=\"wp-page\" data-elementor-id=\"2033\" class=\"elementor elementor-2033\">\n\t\t\t\t<div class=\"elementor-element elementor-element-24a8a4b e-con-full e-flex e-con e-parent\" data-id=\"24a8a4b\" data-element_type=\"container\" data-settings=\"{&quot;background_background&quot;:&quot;classic&quot;}\">\n\t\t<div class=\"elementor-element elementor-element-ad491ed e-con-full e-flex e-con e-child\" data-id=\"ad491ed\" data-element_type=\"container\">\n\t\t\t\t<div class=\"elementor-element elementor-element-7af74de elementor-widget elementor-widget-spacer\" data-id=\"7af74de\" data-element_type=\"widget\" data-widget_type=\"spacer.default\">\n\t\t\t\t<div class=\"elementor-widget-container\">\n\t\t\t\t\t\t\t<div class=\"elementor-spacer\">\n\t\t\t<div class=\"elementor-spacer-inner\"><\/div>\n\t\t<\/div>\n\t\t\t\t\t\t<\/div>\n\t\t\t\t<\/div>\n\t\t\t\t<div class=\"elementor-element elementor-element-76b0734 elementor-widget elementor-widget-spacer\" data-id=\"76b0734\" data-element_type=\"widget\" data-widget_type=\"spacer.default\">\n\t\t\t\t<div class=\"elementor-widget-container\">\n\t\t\t\t\t\t\t<div class=\"elementor-spacer\">\n\t\t\t<div class=\"elementor-spacer-inner\"><\/div>\n\t\t<\/div>\n\t\t\t\t\t\t<\/div>\n\t\t\t\t<\/div>\n\t\t\t\t<div class=\"elementor-element elementor-element-452ce89 elementor-widget__width-initial elementor-widget elementor-widget-heading\" data-id=\"452ce89\" data-element_type=\"widget\" data-widget_type=\"heading.default\">\n\t\t\t\t<div class=\"elementor-widget-container\">\n\t\t\t\t\t<h2 class=\"elementor-heading-title elementor-size-default\">Skyworld EDV<\/h2>\t\t\t\t<\/div>\n\t\t\t\t<\/div>\n\t\t\t\t<div class=\"elementor-element elementor-element-9a83c75 elementor-widget__width-initial elementor-widget elementor-widget-heading\" data-id=\"9a83c75\" data-element_type=\"widget\" data-widget_type=\"heading.default\">\n\t\t\t\t<div class=\"elementor-widget-container\">\n\t\t\t\t\t<h2 class=\"elementor-heading-title elementor-size-default\">Ihr IT-Partner aus Bremerhaven<\/h2>\t\t\t\t<\/div>\n\t\t\t\t<\/div>\n\t\t\t\t<\/div>\n\t\t\t\t<\/div>\n\t\t<div class=\"elementor-element elementor-element-9c74b4b e-flex e-con-boxed e-con e-parent\" data-id=\"9c74b4b\" data-element_type=\"container\">\n\t\t\t\t\t<div class=\"e-con-inner\">\n\t\t<div class=\"elementor-element elementor-element-5bb12e5 e-con-full e-flex e-con e-child\" data-id=\"5bb12e5\" data-element_type=\"container\">\n\t\t\t\t<div class=\"elementor-element elementor-element-2f831b4 elementor-widget elementor-widget-text-editor\" data-id=\"2f831b4\" data-element_type=\"widget\" data-widget_type=\"text-editor.default\">\n\t\t\t\t<div class=\"elementor-widget-container\">\n\t\t\t\t\t\t\t\t\t<h5><strong>Anbieter und verantwortliche Stelle im Sinne des Datenschutzgesetzes<\/strong><\/h5><p align=\"justify\"><strong>Skyworld EDV<\/strong><br \/><span id=\"s3-t-ansprechpartner\">Murat \u00d6nal<\/span><br \/>Borriesstr. 1<br \/>27570 Bremerhaven<\/p><p align=\"justify\">\u00a0<\/p><p align=\"justify\"><span style=\"font-size: 16px; font-weight: 600;\">\u00a0E-Mail:<\/span><\/p><dl class=\"row\"><dd class=\"col-sm-9\"><span id=\"s3-t-email\"><a href=\"mailto:info@skyworld-web.com\">info@skyworld-web.com<\/a><\/span>\u00a0(nicht f\u00fcr Supportanfragen)<\/dd><dt class=\"col-sm-2\"><i class=\"fa fa-envelope\"><\/i>\u00a0Support E-Mail:<\/dt><dd class=\"col-sm-9\"><span id=\"s3-t-email\"><a href=\"mailto:support@skyworld-web.com\">helpdesk@skyworld-web.com<\/a><\/span>\u00a0(f\u00fcr Supportanfragen)<\/dd><dt class=\"col-sm-2\"><i class=\"fa fa-fw fa-phone\"><\/i>\u00a0Telefon:<\/dt><dd class=\"col-sm-9\"><span id=\"s3-t-email\">+4947130945361<\/span><\/dd><dt class=\"col-sm-6\"><i class=\"fa fa-fw fa-credit-card\"><\/i><span style=\"color: #333399;\">\u00a0<a style=\"color: #333399;\" href=\"\/www\/data\/vcf\/murat.oenal.vcf\">Download vCard (Visitenkarte)<\/a><\/span><\/dt><\/dl>\t\t\t\t\t\t\t\t<\/div>\n\t\t\t\t<\/div>\n\t\t\t\t<\/div>\n\t\t<div class=\"elementor-element elementor-element-fab7327 e-con-full e-flex e-con e-child\" data-id=\"fab7327\" data-element_type=\"container\">\n\t\t\t\t<div class=\"elementor-element elementor-element-5f6d3a0 elementor-widget elementor-widget-text-editor\" data-id=\"5f6d3a0\" data-element_type=\"widget\" data-widget_type=\"text-editor.default\">\n\t\t\t\t<div class=\"elementor-widget-container\">\n\t\t\t\t\t\t\t\t\t<p><b>Copyright:<\/b><br \/>Sofern nicht anders gekennzeichnet, unterliegen alle Texte, Bilder, Grafiken und Designs dem jeweiligen Copyright. Ohne vorherige Genehmigung der\/des Copyrightinhaber d\u00fcrfen diese nicht durch Dritte zu gewerblichen oder privaten Zwecken genutzt, vervielf\u00e4ltigt oder in einer anderen Art und Weise verwendet werden.<\/p><p>\u00a0<\/p><p><b>Links und Verweise:<\/b><br \/>Wir distanzieren uns ausdr\u00fccklich von allen auf dieser Seite ausgebrachten Links, welche nicht unmittelbar zur Domain <a href=\"https:\/\/skyworld-web.com\">www.skyworld-web.com<\/a> geh\u00f6ren. Auf deren Gestaltung und Inhalt haben wir keinerlei Einfluss. Das Informationsangebot dieser Seiten wurde mit Sorgfalt erstellt und wird st\u00e4ndig \u00fcberarbeitet. Dessen ungeachtet k\u00f6nnen wir f\u00fcr die Richtigkeit, Vollst\u00e4ndigkeit und Aktualit\u00e4t der Inhalte keine Gew\u00e4hr \u00fcbernehmen.<\/p>\t\t\t\t\t\t\t\t<\/div>\n\t\t\t\t<\/div>\n\t\t\t\t<\/div>\n\t\t\t\t\t<\/div>\n\t\t\t\t<\/div>\n\t\t\t\t<\/div>\n\t\t","protected":false},"excerpt":{"rendered":"<p>Skyworld EDV Ihr IT-Partner aus Bremerhaven Anbieter und verantwortliche Stelle im Sinne des Datenschutzgesetzes Skyworld EDVMurat \u00d6nalBorriesstr. 127570 Bremerhaven \u00a0 \u00a0E-Mail: info@skyworld-web.com\u00a0(nicht f\u00fcr Supportanfragen) \u00a0Support E-Mail: helpdesk@skyworld-web.com\u00a0(f\u00fcr Supportanfragen) \u00a0Telefon: +4947130945361 \u00a0Download vCard (Visitenkarte) Copyright:Sofern nicht anders gekennzeichnet, unterliegen alle Texte, Bilder, Grafiken und Designs dem jeweiligen Copyright. Ohne vorherige Genehmigung der\/des Copyrightinhaber d\u00fcrfen diese nicht [&hellip;]<\/p>\n","protected":false},"author":1,"featured_media":0,"parent":0,"menu_order":0,"comment_status":"closed","ping_status":"closed","template":"","meta":{"site-sidebar-layout":"no-sidebar","site-content-layout":"page-builder","ast-site-content-layout":"full-width-container","site-content-style":"default","site-sidebar-style":"default","ast-global-header-display":"","ast-banner-title-visibility":"","ast-main-header-display":"","ast-hfb-above-header-display":"","ast-hfb-below-header-display":"","ast-hfb-mobile-header-display":"","site-post-title":"disabled","ast-breadcrumbs-content":"","ast-featured-img":"disabled","footer-sml-layout":"","theme-transparent-header-meta":"","adv-header-id-meta":"","stick-header-meta":"","header-above-stick-meta":"","header-main-stick-meta":"","header-below-stick-meta":"","astra-migrate-meta-layouts":"set","ast-page-background-enabled":"default","ast-page-background-meta":{"desktop":{"background-color":"var(--ast-global-color-4)","background-image":"","background-repeat":"repeat","background-position":"center center","background-size":"auto","background-attachment":"scroll","background-type":"","background-media":"","overlay-type":"","overlay-color":"","overlay-opacity":"","overlay-gradient":""},"tablet":{"background-color":"","background-image":"","background-repeat":"repeat","background-position":"center center","background-size":"auto","background-attachment":"scroll","background-type":"","background-media":"","overlay-type":"","overlay-color":"","overlay-opacity":"","overlay-gradient":""},"mobile":{"background-color":"","background-image":"","background-repeat":"repeat","background-position":"center center","background-size":"auto","background-attachment":"scroll","background-type":"","background-media":"","overlay-type":"","overlay-color":"","overlay-opacity":"","overlay-gradient":""}},"ast-content-background-meta":{"desktop":{"background-color":"var(--ast-global-color-5)","background-image":"","background-repeat":"repeat","background-position":"center center","background-size":"auto","background-attachment":"scroll","background-type":"","background-media":"","overlay-type":"","overlay-color":"","overlay-opacity":"","overlay-gradient":""},"tablet":{"background-color":"var(--ast-global-color-5)","background-image":"","background-repeat":"repeat","background-position":"center center","background-size":"auto","background-attachment":"scroll","background-type":"","background-media":"","overlay-type":"","overlay-color":"","overlay-opacity":"","overlay-gradient":""},"mobile":{"background-color":"var(--ast-global-color-5)","background-image":"","background-repeat":"repeat","background-position":"center center","background-size":"auto","background-attachment":"scroll","background-type":"","background-media":"","overlay-type":"","overlay-color":"","overlay-opacity":"","overlay-gradient":""}},"footnotes":""},"class_list":["post-2033","page","type-page","status-publish","hentry"],"_links":{"self":[{"href":"https:\/\/skyworld-web.com\/www\/wp-json\/wp\/v2\/pages\/2033","targetHints":{"allow":["GET"]}}],"collection":[{"href":"https:\/\/skyworld-web.com\/www\/wp-json\/wp\/v2\/pages"}],"about":[{"href":"https:\/\/skyworld-web.com\/www\/wp-json\/wp\/v2\/types\/page"}],"author":[{"embeddable":true,"href":"https:\/\/skyworld-web.com\/www\/wp-json\/wp\/v2\/users\/1"}],"replies":[{"embeddable":true,"href":"https:\/\/skyworld-web.com\/www\/wp-json\/wp\/v2\/comments?post=2033"}],"version-history":[{"count":37,"href":"https:\/\/skyworld-web.com\/www\/wp-json\/wp\/v2\/pages\/2033\/revisions"}],"predecessor-version":[{"id":2244,"href":"https:\/\/skyworld-web.com\/www\/wp-json\/wp\/v2\/pages\/2033\/revisions\/2244"}],"wp:attachment":[{"href":"https:\/\/skyworld-web.com\/www\/wp-json\/wp\/v2\/media?parent=2033"}],"curies":[{"name":"wp","href":"https:\/\/api.w.org\/{rel}","templated":true}]}}