{"id":1710,"date":"2021-11-21T15:14:19","date_gmt":"2021-11-21T15:14:19","guid":{"rendered":"http:\/\/skyworld-web.com\/www\/about\/"},"modified":"2025-04-14T10:16:43","modified_gmt":"2025-04-14T08:16:43","slug":"ueber","status":"publish","type":"page","link":"https:\/\/skyworld-web.com\/www\/ueber\/","title":{"rendered":"\u00dcber"},"content":{"rendered":"\t\t<div data-elementor-type=\"wp-page\" data-elementor-id=\"1710\" class=\"elementor elementor-1710\">\n\t\t\t\t<div class=\"elementor-element elementor-element-3a8a09e e-flex e-con-boxed e-con e-parent\" data-id=\"3a8a09e\" data-element_type=\"container\">\n\t\t\t\t\t<div class=\"e-con-inner\">\n\t\t\t\t<div class=\"elementor-element elementor-element-ffa5ab4 elementor-widget elementor-widget-spacer\" data-id=\"ffa5ab4\" data-element_type=\"widget\" data-widget_type=\"spacer.default\">\n\t\t\t\t<div class=\"elementor-widget-container\">\n\t\t\t\t\t\t\t<div class=\"elementor-spacer\">\n\t\t\t<div class=\"elementor-spacer-inner\"><\/div>\n\t\t<\/div>\n\t\t\t\t\t\t<\/div>\n\t\t\t\t<\/div>\n\t\t\t\t\t<\/div>\n\t\t\t\t<\/div>\n\t\t<div class=\"elementor-element elementor-element-4094ee7 e-con-full e-flex e-con e-parent\" data-id=\"4094ee7\" data-element_type=\"container\" data-settings=\"{&quot;background_background&quot;:&quot;classic&quot;}\">\n\t\t<div class=\"elementor-element elementor-element-0895d58 e-con-full e-flex e-con e-child\" data-id=\"0895d58\" data-element_type=\"container\" data-settings=\"{&quot;background_background&quot;:&quot;classic&quot;}\">\n\t\t<div class=\"elementor-element elementor-element-7d7cefd e-con-full e-flex e-con e-child\" data-id=\"7d7cefd\" data-element_type=\"container\">\n\t\t\t\t<div class=\"elementor-element elementor-element-d43d794 elementor-widget elementor-widget-spacer\" data-id=\"d43d794\" data-element_type=\"widget\" data-widget_type=\"spacer.default\">\n\t\t\t\t<div class=\"elementor-widget-container\">\n\t\t\t\t\t\t\t<div class=\"elementor-spacer\">\n\t\t\t<div class=\"elementor-spacer-inner\"><\/div>\n\t\t<\/div>\n\t\t\t\t\t\t<\/div>\n\t\t\t\t<\/div>\n\t\t\t\t<div class=\"elementor-element elementor-element-86d96c5 elementor-widget elementor-widget-spacer\" data-id=\"86d96c5\" data-element_type=\"widget\" data-widget_type=\"spacer.default\">\n\t\t\t\t<div class=\"elementor-widget-container\">\n\t\t\t\t\t\t\t<div class=\"elementor-spacer\">\n\t\t\t<div class=\"elementor-spacer-inner\"><\/div>\n\t\t<\/div>\n\t\t\t\t\t\t<\/div>\n\t\t\t\t<\/div>\n\t\t\t\t<div class=\"elementor-element elementor-element-828dd5a elementor-widget__width-initial elementor-widget elementor-widget-heading\" data-id=\"828dd5a\" data-element_type=\"widget\" data-widget_type=\"heading.default\">\n\t\t\t\t<div class=\"elementor-widget-container\">\n\t\t\t\t\t<h2 class=\"elementor-heading-title elementor-size-default\">Skyworld EDV<\/h2>\t\t\t\t<\/div>\n\t\t\t\t<\/div>\n\t\t\t\t<div class=\"elementor-element elementor-element-df99fbb elementor-widget__width-initial elementor-widget elementor-widget-heading\" data-id=\"df99fbb\" data-element_type=\"widget\" data-widget_type=\"heading.default\">\n\t\t\t\t<div class=\"elementor-widget-container\">\n\t\t\t\t\t<h2 class=\"elementor-heading-title elementor-size-default\">Ihr IT-Partner aus Bremerhaven<\/h2>\t\t\t\t<\/div>\n\t\t\t\t<\/div>\n\t\t\t\t<\/div>\n\t\t\t\t<\/div>\n\t\t\t\t<\/div>\n\t\t<div class=\"elementor-element elementor-element-d5d6916 e-flex e-con-boxed e-con e-parent\" data-id=\"d5d6916\" data-element_type=\"container\">\n\t\t\t\t\t<div class=\"e-con-inner\">\n\t\t<div class=\"elementor-element elementor-element-78e3ba6 e-con-full e-flex e-con e-child\" data-id=\"78e3ba6\" data-element_type=\"container\">\n\t\t\t\t<div class=\"elementor-element elementor-element-6dde7cd elementor-widget elementor-widget-heading\" data-id=\"6dde7cd\" data-element_type=\"widget\" data-widget_type=\"heading.default\">\n\t\t\t\t<div class=\"elementor-widget-container\">\n\t\t\t\t\t<h2 class=\"elementor-heading-title elementor-size-default\">Skyworld EDV<\/h2>\t\t\t\t<\/div>\n\t\t\t\t<\/div>\n\t\t\t\t<div class=\"elementor-element elementor-element-76d9004 elementor-widget elementor-widget-text-editor\" data-id=\"76d9004\" data-element_type=\"widget\" data-widget_type=\"text-editor.default\">\n\t\t\t\t<div class=\"elementor-widget-container\">\n\t\t\t\t\t\t\t\t\t<p>Ihr IT-Dienstleistungsunternehmen, wenn es neben klassischer IT Dienstleistung, wie Problembehandlung- und L\u00f6sung in Fragen der EDV, Beschaffung und Inbetriebnahme von Hard-\/ und Software auch um Planung und Realisierung Ihrer IT Strategie geht. Unsere Angebote richten sich sowohl an Gesch\u00e4fts- als auch Privatkunden.<\/p><p>\u00a0<\/p><p>Bei der Umsetzung Ihrer ganzheitlichen Datensicherungsl\u00f6sung f\u00fcr Ihr Unternehmen sind wir Ihr Ansprechpartner. Auch f\u00fcr Wartung und Erweiterungen an Servern, Infrastruktur wie Router, Switche und WLAN L\u00f6sungen sowie Hard-\/ und Software sind wir f\u00fcr Sie da.<\/p>\t\t\t\t\t\t\t\t<\/div>\n\t\t\t\t<\/div>\n\t\t\t\t<\/div>\n\t\t<div class=\"elementor-element elementor-element-0ce0ed4 e-con-full e-flex e-con e-child\" data-id=\"0ce0ed4\" data-element_type=\"container\">\n\t\t\t\t<div class=\"elementor-element elementor-element-eef97c9 elementor-widget elementor-widget-image\" data-id=\"eef97c9\" data-element_type=\"widget\" data-widget_type=\"image.default\">\n\t\t\t\t<div class=\"elementor-widget-container\">\n\t\t\t\t\t\t\t\t\t\t\t\t\t\t\t<img fetchpriority=\"high\" decoding=\"async\" width=\"1024\" height=\"700\" src=\"https:\/\/skyworld-web.com\/www\/wp-content\/uploads\/2024\/04\/skycloud-1024x700.jpg\" class=\"attachment-large size-large wp-image-2008\" alt=\"Skyworld EDV\" srcset=\"https:\/\/skyworld-web.com\/www\/wp-content\/uploads\/2024\/04\/skycloud-1024x700.jpg 1024w, https:\/\/skyworld-web.com\/www\/wp-content\/uploads\/2024\/04\/skycloud-300x205.jpg 300w, https:\/\/skyworld-web.com\/www\/wp-content\/uploads\/2024\/04\/skycloud-768x525.jpg 768w, https:\/\/skyworld-web.com\/www\/wp-content\/uploads\/2024\/04\/skycloud-1536x1050.jpg 1536w, https:\/\/skyworld-web.com\/www\/wp-content\/uploads\/2024\/04\/skycloud.jpg 1920w\" sizes=\"(max-width: 1024px) 100vw, 1024px\" \/>\t\t\t\t\t\t\t\t\t\t\t\t\t\t\t<\/div>\n\t\t\t\t<\/div>\n\t\t\t\t<\/div>\n\t\t\t\t\t<\/div>\n\t\t\t\t<\/div>\n\t\t<div class=\"elementor-element elementor-element-e90f62c e-flex e-con-boxed e-con e-parent\" data-id=\"e90f62c\" data-element_type=\"container\">\n\t\t\t\t\t<div class=\"e-con-inner\">\n\t\t<div class=\"elementor-element elementor-element-0c682a2 e-con-full e-flex e-con e-child\" data-id=\"0c682a2\" data-element_type=\"container\">\n\t\t\t\t<div class=\"elementor-element elementor-element-cc91ee5 elementor-widget elementor-widget-image\" data-id=\"cc91ee5\" data-element_type=\"widget\" data-widget_type=\"image.default\">\n\t\t\t\t<div class=\"elementor-widget-container\">\n\t\t\t\t\t\t\t\t\t\t\t\t\t\t\t<img decoding=\"async\" width=\"1280\" height=\"720\" src=\"https:\/\/skyworld-web.com\/www\/wp-content\/uploads\/2024\/04\/unserziel.jpg\" class=\"attachment-full size-full wp-image-2007\" alt=\"\" srcset=\"https:\/\/skyworld-web.com\/www\/wp-content\/uploads\/2024\/04\/unserziel.jpg 1280w, https:\/\/skyworld-web.com\/www\/wp-content\/uploads\/2024\/04\/unserziel-300x169.jpg 300w, https:\/\/skyworld-web.com\/www\/wp-content\/uploads\/2024\/04\/unserziel-1024x576.jpg 1024w, https:\/\/skyworld-web.com\/www\/wp-content\/uploads\/2024\/04\/unserziel-768x432.jpg 768w\" sizes=\"(max-width: 1280px) 100vw, 1280px\" \/>\t\t\t\t\t\t\t\t\t\t\t\t\t\t\t<\/div>\n\t\t\t\t<\/div>\n\t\t\t\t<\/div>\n\t\t<div class=\"elementor-element elementor-element-b29abee e-con-full e-flex e-con e-child\" data-id=\"b29abee\" data-element_type=\"container\">\n\t\t\t\t<div class=\"elementor-element elementor-element-f095111 elementor-widget elementor-widget-heading\" data-id=\"f095111\" data-element_type=\"widget\" data-widget_type=\"heading.default\">\n\t\t\t\t<div class=\"elementor-widget-container\">\n\t\t\t\t\t<h2 class=\"elementor-heading-title elementor-size-default\">Unser Ziel...<\/h2>\t\t\t\t<\/div>\n\t\t\t\t<\/div>\n\t\t\t\t<div class=\"elementor-element elementor-element-5990b83 elementor-widget elementor-widget-text-editor\" data-id=\"5990b83\" data-element_type=\"widget\" data-widget_type=\"text-editor.default\">\n\t\t\t\t<div class=\"elementor-widget-container\">\n\t\t\t\t\t\t\t\t\t<p>ist, gemeinsam mit Ihnen Ihre IT sicher und performant aufzubauen und zukunftssicher zu erweitern. Wir stehen Ihnen mit unserem langj\u00e4hrigem Know-How in allen Fragen der IT gerne zur Seite. \u00dcberlassen Sie uns die Planung, Verwaltung und Erweiterung Ihrer IT, sodass Sie sich voll und ganz auf Ihr Kerngesch\u00e4ft konzentrieren k\u00f6nnen!<\/p>\t\t\t\t\t\t\t\t<\/div>\n\t\t\t\t<\/div>\n\t\t\t\t<\/div>\n\t\t\t\t\t<\/div>\n\t\t\t\t<\/div>\n\t\t<div class=\"elementor-element elementor-element-6601890 e-flex e-con-boxed e-con e-parent\" data-id=\"6601890\" data-element_type=\"container\">\n\t\t\t\t\t<div class=\"e-con-inner\">\n\t\t<div class=\"elementor-element elementor-element-3c8e62a e-flex e-con-boxed e-con e-child\" data-id=\"3c8e62a\" data-element_type=\"container\">\n\t\t\t\t\t<div class=\"e-con-inner\">\n\t\t<div class=\"elementor-element elementor-element-1713344 e-con-full e-flex e-con e-child\" data-id=\"1713344\" data-element_type=\"container\">\n\t\t\t\t<div class=\"elementor-element elementor-element-d370fff elementor-widget elementor-widget-heading\" data-id=\"d370fff\" data-element_type=\"widget\" data-widget_type=\"heading.default\">\n\t\t\t\t<div class=\"elementor-widget-container\">\n\t\t\t\t\t<h2 class=\"elementor-heading-title elementor-size-default\">\u00dcber mich<\/h2>\t\t\t\t<\/div>\n\t\t\t\t<\/div>\n\t\t\t\t<div class=\"elementor-element elementor-element-c8864c1 elementor-widget elementor-widget-text-editor\" data-id=\"c8864c1\" data-element_type=\"widget\" data-widget_type=\"text-editor.default\">\n\t\t\t\t<div class=\"elementor-widget-container\">\n\t\t\t\t\t\t\t\t\t<p>Mein Name ist Murat \u00d6nal, geboren und aufgewachsen in Bremerhaven.<\/p><p>Die EDV begleitet mich bereits seit meiner fr\u00fchesten Kindheit. Weshalb f\u00fcr mich au\u00dfer Frage stand, dass ich mein Hobby zum Beruf machen werde.<\/p><p>\u00a0<\/p><p>Was nun also als Hobby begann, entwickelte sich mehr und mehr zu einer Leidenschaft. Dieser Leidenschaft gehe ich bereits seit vielen Jahren nach und freue mich jeden Tag auf neue Herausforderungen.<\/p><p>\u00a0<\/p><p>Nach meiner Ausbildung zum Fachinformatiker f\u00fcr Systemintegration im Jahre 2017 habe ich den Schritt in die Selbstst\u00e4ndigkeit gewagt und bin t\u00e4glich aufs Neue \u00fcber die vielseitigen T\u00e4tigkeiten, die die IT bietet, begeistert.<\/p>\t\t\t\t\t\t\t\t<\/div>\n\t\t\t\t<\/div>\n\t\t\t\t<\/div>\n\t\t<div class=\"elementor-element elementor-element-5d9b268 e-con-full e-flex e-con e-child\" data-id=\"5d9b268\" data-element_type=\"container\">\n\t\t\t\t<div class=\"elementor-element elementor-element-e7723ae elementor-widget elementor-widget-image\" data-id=\"e7723ae\" data-element_type=\"widget\" data-widget_type=\"image.default\">\n\t\t\t\t<div class=\"elementor-widget-container\">\n\t\t\t\t\t\t\t\t\t\t\t\t\t\t\t<img decoding=\"async\" width=\"964\" height=\"1024\" src=\"https:\/\/skyworld-web.com\/www\/wp-content\/uploads\/2024\/05\/1716315164904-Kopie-964x1024.png\" class=\"attachment-large size-large wp-image-2102\" alt=\"\" srcset=\"https:\/\/skyworld-web.com\/www\/wp-content\/uploads\/2024\/05\/1716315164904-Kopie-964x1024.png 964w, https:\/\/skyworld-web.com\/www\/wp-content\/uploads\/2024\/05\/1716315164904-Kopie-282x300.png 282w, https:\/\/skyworld-web.com\/www\/wp-content\/uploads\/2024\/05\/1716315164904-Kopie-768x816.png 768w, https:\/\/skyworld-web.com\/www\/wp-content\/uploads\/2024\/05\/1716315164904-Kopie-1446x1536.png 1446w, https:\/\/skyworld-web.com\/www\/wp-content\/uploads\/2024\/05\/1716315164904-Kopie-1928x2048.png 1928w\" sizes=\"(max-width: 964px) 100vw, 964px\" \/>\t\t\t\t\t\t\t\t\t\t\t\t\t\t\t<\/div>\n\t\t\t\t<\/div>\n\t\t\t\t<\/div>\n\t\t\t\t\t<\/div>\n\t\t\t\t<\/div>\n\t\t\t\t\t<\/div>\n\t\t\t\t<\/div>\n\t\t\t\t<\/div>\n\t\t","protected":false},"excerpt":{"rendered":"<p>Skyworld EDV Ihr IT-Partner aus Bremerhaven Skyworld EDV Ihr IT-Dienstleistungsunternehmen, wenn es neben klassischer IT Dienstleistung, wie Problembehandlung- und L\u00f6sung in Fragen der EDV, Beschaffung und Inbetriebnahme von Hard-\/ und Software auch um Planung und Realisierung Ihrer IT Strategie geht. Unsere Angebote richten sich sowohl an Gesch\u00e4fts- als auch Privatkunden. \u00a0 Bei der Umsetzung Ihrer [&hellip;]<\/p>\n","protected":false},"author":1,"featured_media":0,"parent":0,"menu_order":0,"comment_status":"closed","ping_status":"closed","template":"","meta":{"site-sidebar-layout":"no-sidebar","site-content-layout":"page-builder","ast-site-content-layout":"default","site-content-style":"default","site-sidebar-style":"default","ast-global-header-display":"","ast-banner-title-visibility":"","ast-main-header-display":"","ast-hfb-above-header-display":"","ast-hfb-below-header-display":"","ast-hfb-mobile-header-display":"","site-post-title":"disabled","ast-breadcrumbs-content":"","ast-featured-img":"disabled","footer-sml-layout":"","theme-transparent-header-meta":"enabled","adv-header-id-meta":"","stick-header-meta":"","header-above-stick-meta":"","header-main-stick-meta":"","header-below-stick-meta":"","astra-migrate-meta-layouts":"default","ast-page-background-enabled":"default","ast-page-background-meta":{"desktop":{"background-color":"var(--ast-global-color-4)","background-image":"","background-repeat":"repeat","background-position":"center center","background-size":"auto","background-attachment":"scroll","background-type":"","background-media":"","overlay-type":"","overlay-color":"","overlay-opacity":"","overlay-gradient":""},"tablet":{"background-color":"","background-image":"","background-repeat":"repeat","background-position":"center center","background-size":"auto","background-attachment":"scroll","background-type":"","background-media":"","overlay-type":"","overlay-color":"","overlay-opacity":"","overlay-gradient":""},"mobile":{"background-color":"","background-image":"","background-repeat":"repeat","background-position":"center center","background-size":"auto","background-attachment":"scroll","background-type":"","background-media":"","overlay-type":"","overlay-color":"","overlay-opacity":"","overlay-gradient":""}},"ast-content-background-meta":{"desktop":{"background-color":"var(--ast-global-color-5)","background-image":"","background-repeat":"repeat","background-position":"center center","background-size":"auto","background-attachment":"scroll","background-type":"","background-media":"","overlay-type":"","overlay-color":"","overlay-opacity":"","overlay-gradient":""},"tablet":{"background-color":"var(--ast-global-color-5)","background-image":"","background-repeat":"repeat","background-position":"center center","background-size":"auto","background-attachment":"scroll","background-type":"","background-media":"","overlay-type":"","overlay-color":"","overlay-opacity":"","overlay-gradient":""},"mobile":{"background-color":"var(--ast-global-color-5)","background-image":"","background-repeat":"repeat","background-position":"center center","background-size":"auto","background-attachment":"scroll","background-type":"","background-media":"","overlay-type":"","overlay-color":"","overlay-opacity":"","overlay-gradient":""}},"footnotes":""},"class_list":["post-1710","page","type-page","status-publish","hentry"],"_links":{"self":[{"href":"https:\/\/skyworld-web.com\/www\/wp-json\/wp\/v2\/pages\/1710","targetHints":{"allow":["GET"]}}],"collection":[{"href":"https:\/\/skyworld-web.com\/www\/wp-json\/wp\/v2\/pages"}],"about":[{"href":"https:\/\/skyworld-web.com\/www\/wp-json\/wp\/v2\/types\/page"}],"author":[{"embeddable":true,"href":"https:\/\/skyworld-web.com\/www\/wp-json\/wp\/v2\/users\/1"}],"replies":[{"embeddable":true,"href":"https:\/\/skyworld-web.com\/www\/wp-json\/wp\/v2\/comments?post=1710"}],"version-history":[{"count":49,"href":"https:\/\/skyworld-web.com\/www\/wp-json\/wp\/v2\/pages\/1710\/revisions"}],"predecessor-version":[{"id":2275,"href":"https:\/\/skyworld-web.com\/www\/wp-json\/wp\/v2\/pages\/1710\/revisions\/2275"}],"wp:attachment":[{"href":"https:\/\/skyworld-web.com\/www\/wp-json\/wp\/v2\/media?parent=1710"}],"curies":[{"name":"wp","href":"https:\/\/api.w.org\/{rel}","templated":true}]}}